{"id":7146,"date":"2025-05-24T21:13:23","date_gmt":"2025-05-25T01:13:23","guid":{"rendered":"https:\/\/staging.aqcamo.ca\/terms-and-conditions-of-use\/"},"modified":"2025-05-24T21:26:47","modified_gmt":"2025-05-25T01:26:47","slug":"terms-and-conditions-of-use","status":"publish","type":"page","link":"https:\/\/staging.aqcamo.ca\/en\/terms-and-conditions-of-use\/","title":{"rendered":"Terms and conditions of use"},"content":{"rendered":"\n<p><strong>Last update: 2025-05-24<\/strong><\/p>\n\n<p>By accessing the <a href=\"https:\/\/aqcamo.ca\">https:\/\/aqcamo.ca website ,<\/a> you agree to these terms of use. If you do not agree with any of these terms, please do not use this site.<\/p>\n\n<h3 class=\"wp-block-heading\">1. Identification<\/h3>\n\n<p>This site is operated by :<\/p>\n\n<p><strong>Quebec Organization of Oncology Medication Access Coordinators (OQCAMO)<\/strong><br\/><strong>Working name<\/strong>: Association Qu\u00e9b\u00e9coise des Coordonnateurs d&#8217;Acc\u00e8s aux M\u00e9dicaments d&#8217;Oncologie (AQCAMO)<br\/><strong>Address<\/strong>: 11685 rue Guertin, Montr\u00e9al (Qu\u00e9bec), H4J 1V2, Canada<br\/><strong>E-mail<\/strong>: info@aqcamo.ca<br\/><strong>Telephone<\/strong>: 1 855 827-2266<\/p>\n\n<h3 class=\"wp-block-heading\">2. Acceptance of conditions<\/h3>\n\n<p>Use of the site implies full acceptance of the conditions below. These may be modified at any time. Users are invited to consult them regularly.<\/p>\n\n<h3 class=\"wp-block-heading\">3. Site access<\/h3>\n\n<p>The site is accessible free of charge to any user with Internet access. AQCAMO reserves the right to interrupt or suspend access to the site for maintenance or any other reason.<\/p>\n\n<h3 class=\"wp-block-heading\">4. Content and intellectual property<\/h3>\n\n<p>All site content (text, logos, documents, images) is the exclusive property of AQCAMO, unless otherwise indicated. Reproduction, distribution or use without written permission is prohibited.<\/p>\n\n<h3 class=\"wp-block-heading\">5. Limitation of liability<\/h3>\n\n<p>AQCAMO cannot be held responsible for the use made of the site, nor for any direct or indirect damage that may result from its use or temporary inaccessibility.<\/p>\n\n<p>The site may contain inaccuracies or typographical errors. AQCAMO does not guarantee the accuracy or timeliness of the information.<\/p>\n\n<h3 class=\"wp-block-heading\">6. External links<\/h3>\n\n<p>The site may contain links to other sites. AQCAMO has no control over these sites and accepts no responsibility for their content or practices.<\/p>\n\n<h3 class=\"wp-block-heading\">7. Personal data<\/h3>\n\n<p>For information on the collection and use of your personal data, please consult our <a href=\"https:\/\/staging.aqcamo.ca\/en\/privacy-policy\/\" data-type=\"page\" data-id=\"3\">Privacy Policy<\/a>.<\/p>\n\n<h3 class=\"wp-block-heading\">8. Modification of conditions<\/h3>\n\n<p>AQCAMO reserves the right to modify these conditions at any time. Changes will come into effect as soon as they are published on the site.<\/p>\n\n<h3 class=\"wp-block-heading\">9. Applicable law<\/h3>\n\n<p>These conditions are governed by the laws in force in Quebec (Canada). Any dispute shall be submitted to the exclusive jurisdiction of the courts of the district of Montreal.<\/p>\n\n<hr class=\"wp-block-separator has-alpha-channel-opacity\"\/>\n\n<p>If you <strong>have any questions about these conditions<\/strong>, please contact us at info@aqcamo.ca.<\/p>\n","protected":false},"excerpt":{"rendered":"<p>Last update: 2025-05-24 By accessing the https:\/\/aqcamo.ca website , you agree to these terms of use. If you do not agree with any of these terms, please do not use this site. 1. Identification This site is operated by : Quebec Organization of Oncology Medication Access Coordinators (OQCAMO)Working name: Association Qu\u00e9b\u00e9coise des Coordonnateurs d&#8217;Acc\u00e8s aux &#8230; <a title=\"Terms and conditions of use\" class=\"read-more\" href=\"https:\/\/staging.aqcamo.ca\/en\/terms-and-conditions-of-use\/\" aria-label=\"Read more about Terms and conditions of use\">Read more<\/a><\/p>\n","protected":false},"author":1,"featured_media":0,"parent":0,"menu_order":0,"comment_status":"closed","ping_status":"closed","template":"","meta":{"_acf_changed":false,"inline_featured_image":false,"_monsterinsights_skip_tracking":false,"_monsterinsights_sitenote_active":false,"_monsterinsights_sitenote_note":"","_monsterinsights_sitenote_category":0,"footnotes":""},"dashboard_access":[],"class_list":["post-7146","page","type-page","status-publish"],"acf":[],"_links":{"self":[{"href":"https:\/\/staging.aqcamo.ca\/en\/wp-json\/wp\/v2\/pages\/7146","targetHints":{"allow":["GET"]}}],"collection":[{"href":"https:\/\/staging.aqcamo.ca\/en\/wp-json\/wp\/v2\/pages"}],"about":[{"href":"https:\/\/staging.aqcamo.ca\/en\/wp-json\/wp\/v2\/types\/page"}],"author":[{"embeddable":true,"href":"https:\/\/staging.aqcamo.ca\/en\/wp-json\/wp\/v2\/users\/1"}],"replies":[{"embeddable":true,"href":"https:\/\/staging.aqcamo.ca\/en\/wp-json\/wp\/v2\/comments?post=7146"}],"version-history":[{"count":0,"href":"https:\/\/staging.aqcamo.ca\/en\/wp-json\/wp\/v2\/pages\/7146\/revisions"}],"wp:attachment":[{"href":"https:\/\/staging.aqcamo.ca\/en\/wp-json\/wp\/v2\/media?parent=7146"}],"wp:term":[{"taxonomy":"dashboard_access","embeddable":true,"href":"https:\/\/staging.aqcamo.ca\/en\/wp-json\/wp\/v2\/dashboard_access?post=7146"}],"curies":[{"name":"wp","href":"https:\/\/api.w.org\/{rel}","templated":true}]}}