{"id":6945,"date":"2025-05-05T00:17:39","date_gmt":"2025-05-05T00:17:39","guid":{"rendered":"https:\/\/staging.aqcamo.ca\/useful-links\/"},"modified":"2025-05-23T21:15:54","modified_gmt":"2025-05-24T01:15:54","slug":"useful-links","status":"publish","type":"page","link":"https:\/\/staging.aqcamo.ca\/en\/useful-links\/","title":{"rendered":"Useful links"},"content":{"rendered":"\n<div class=\"gb-element-4966096c remonter-bloc\">\n<p class=\"intro-ressources\">Here are some useful resources for patients and oncology access coordinators. If you know of other relevant resources to add to this list, please feel free to send us your suggestion at <a href=\"mailto:info@aqcamo.ca\">info@aqcamo.ca.<\/a> <\/p>\n<\/div>\n\n<div class=\"gb-element-7ee8aea8 section-fond\">\n<div class=\"gb-element-97931652\">\n<div>\n<div class=\"lien-utile\">\n<h3 class=\"gb-text\"><strong>Organizations in Canada&nbsp;<\/strong><\/h3>\n\n\n\n<ul class=\"wp-block-list\">\n<li><a href=\"https:\/\/www.colorectalcancercanada.com\/fr\/prevention\/prevention-overview\/\" target=\"_blank\" rel=\"noreferrer noopener\">Colorectal cancer in Canada<\/a><\/li>\n\n\n\n<li><a href=\"https:\/\/ovairecanada.org\/\" target=\"_blank\" rel=\"noreferrer noopener\">Ovarian Cancer Canada<\/a><\/li>\n\n\n\n<li><a href=\"https:\/\/bladdercancercanada.org\/fr\/\" target=\"_blank\" rel=\"noreferrer noopener\">Bladder Cancer Canada<\/a><\/li>\n\n\n\n<li><a href=\"https:\/\/www.lungcancercanada.ca\/\" target=\"_blank\" rel=\"noreferrer noopener\">Lung Cancer Canada<\/a><\/li>\n\n\n\n<li><a href=\"http:\/\/www.cancerdureincanada.ca\/\" target=\"_blank\" rel=\"noreferrer noopener\">Kidney Cancer Canada<\/a><\/li>\n\n\n\n<li><a href=\"http:\/\/www.tumeurscerebrales.ca\/\" target=\"_blank\" rel=\"noreferrer noopener\">Brain Tumour Foundation of Canada<\/a><\/li>\n\n\n\n<li><a href=\"https:\/\/www.sllcanada.org\/\">The Leukemia &amp; Lymphoma Society of Canada (LLSC)  <\/a><\/li>\n\n\n\n<li><a href=\"https:\/\/www.saveyourskin.ca\/fr\/\">The Save Your Skin Foundation<\/a><\/li>\n<\/ul>\n<\/div>\n<\/div>\n\n\n\n<div>\n<div class=\"lien-utile\">\n<h3 class=\"gb-text\"><strong><strong>Patient support groups<\/strong><\/strong><\/h3>\n\n\n\n<p><a href=\"https:\/\/www.cancer.ca\/fr-ca\/support-and-services\/support-services\/support-groups-qc\/?region=qc\" target=\"_blank\" rel=\"noreferrer noopener\">Join a support group waiting list<\/a><\/p>\n<\/div>\n<\/div>\n\n\n\n<div>\n<div class=\"lien-utile\">\n<h3 class=\"gb-text\"><strong><strong>Organizations in Qu\u00e9bec<\/strong>&nbsp;<\/strong><\/h3>\n\n\n\n<ul class=\"wp-block-list\">\n<li><a href=\"https:\/\/fqc.qc.ca\/fr\" target=\"_blank\" rel=\"noreferrer noopener\">Quebec Cancer Foundation<\/a><\/li>\n\n\n\n<li><a href=\"https:\/\/rubanrose.org\/\" target=\"_blank\" rel=\"noreferrer noopener\">Quebec Breast Cancer Foundation<\/a><\/li>\n\n\n\n<li><a href=\"https:\/\/www.leucan.qc.ca\/fr\/\" target=\"_blank\" rel=\"noreferrer noopener\">Leucan<\/a><\/li>\n\n\n\n<li><a href=\"https:\/\/jeanmariesuperheros.ca\/a-propos-de-la-fondation-pour-la-sante-pulmonaire\/\" target=\"_blank\" rel=\"noreferrer noopener\">Jean-Marie Lung Health Foundation<\/a><\/li>\n\n\n\n<li><a href=\"http:\/\/www.acsqc.ca\/\" target=\"_blank\" rel=\"noreferrer noopener\">Quebec Breast Cancer Action<\/a><\/li>\n\n\n\n<li><a href=\"http:\/\/www.fondationandrecote.ca\/\" target=\"_blank\" rel=\"noreferrer noopener\">Andr\u00e9-C\u00f4t\u00e9 Foundation<\/a><\/li>\n\n\n\n<li><a href=\"https:\/\/hpvglobalaction.org\/fr\/\">VPH global action<\/a><\/li>\n<\/ul>\n<\/div>\n<\/div>\n\n\n\n<div>\n<div class=\"lien-utile\">\n<h3 class=\"gb-text\"><strong><strong>Insurance companies<\/strong>&nbsp;<\/strong><\/h3>\n\n\n\n<ul class=\"wp-block-list\">\n<li><a href=\"https:\/\/qc.croixbleue.ca\/\" target=\"_blank\" rel=\"noreferrer noopener\">Blue Cross  <\/a><\/li>\n\n\n\n<li><a href=\"https:\/\/www.desjardinsassurancesgenerales.com\/\" target=\"_blank\" rel=\"noreferrer noopener\">Desjardins  <\/a><\/li>\n\n\n\n<li><a href=\"https:\/\/www.greatwestlife.com\/fr\/vous-et-votre-famille.html\" target=\"_blank\" rel=\"noreferrer noopener\">Great-West  <\/a><\/li>\n\n\n\n<li><a href=\"https:\/\/ia.ca\/\" target=\"_blank\" rel=\"noreferrer noopener\">Industrial Alliance  <\/a><\/li>\n\n\n\n<li><a href=\"https:\/\/www.lacapitale.com\/fr\" target=\"_blank\" rel=\"noreferrer noopener\">La Capitale  <\/a><\/li>\n\n\n\n<li><a href=\"https:\/\/ssq.ca\/fr\" target=\"_blank\" rel=\"noreferrer noopener\">SSQ  <\/a><\/li>\n\n\n\n<li><a href=\"https:\/\/www.manuvie.ca\/particuliers.html\" target=\"_blank\" rel=\"noreferrer noopener\">Manulife  <\/a><\/li>\n\n\n\n<li><a href=\"https:\/\/uvassurance.ca\/\" target=\"_blank\" rel=\"noreferrer noopener\">UV Mutuelle  <\/a><\/li>\n<\/ul>\n<\/div>\n<\/div>\n<\/div>\n\n\n\n<div class=\"gb-element-77bd81ff\">\n<div>\n<div class=\"lien-utile\">\n<h3 class=\"gb-text\"><strong><strong>Institutions<\/strong>&nbsp;<\/strong><\/h3>\n\n\n\n<ul class=\"wp-block-list\">\n<li><a href=\"https:\/\/icm.qc.ca\/\" target=\"_blank\" rel=\"noreferrer noopener\">Montreal Cancer Institute<\/a> <\/li>\n\n\n\n<li><a href=\"https:\/\/cihr-irsc.gc.ca\/f\/12506.html\" target=\"_blank\" rel=\"noreferrer noopener\">Canadian Institute of Health Research<\/a> <\/li>\n\n\n\n<li><a href=\"https:\/\/survivornet.ca\/fr\/cancer-type\/cancer-tous-types\/organisations-internationales-de-cancer-tous-types\/\" target=\"_blank\" rel=\"noreferrer noopener\">Canadian Cancer Survivors Network<\/a> <\/li>\n<\/ul>\n<\/div>\n<\/div>\n\n\n\n<div>\n<div class=\"lien-utile\">\n<h3 class=\"gb-text\"><strong><strong>Government institutions<\/strong><\/strong><\/h3>\n\n\n\n<p>Government links  <\/p>\n\n\n\n<ul class=\"wp-block-list\">\n<li><a href=\"https:\/\/health-products.canada.ca\/dpd-bdpp\/switchlocale.do?lang=fr&amp;url=t.search.recherche\" target=\"_blank\" rel=\"noreferrer noopener\">Search for pharmaceutical products online<\/a> <\/li>\n\n\n\n<li><a href=\"https:\/\/www.ramq.gouv.qc.ca\/fr\/professionnels\/pharmaciens\/medicaments\/medicaments-patient-exception\/Pages\/medicaments-exception.aspx\" target=\"_blank\" rel=\"noreferrer noopener\">RAMQ &#8211; List of exception drugs<\/a><\/li>\n\n\n\n<li><a href=\"https:\/\/www.ramq.gouv.qc.ca\/fr\/professionnels\/optometristes\/medicaments\/medicaments-patient-exception\/Pages\/index-formulaires-dc.aspx\" target=\"_blank\" rel=\"noreferrer noopener\">RAMQ &#8211; Demande d&#8217;autorisation de paiement &#8211; Exception drugs<\/a><\/li>\n\n\n\n<li><a href=\"https:\/\/www.cadth.ca\/fr\/rapports-examen-en-vue-du-remboursement\" target=\"_blank\" rel=\"noreferrer noopener\">CADTH Supporting Evidence<\/a> <\/li>\n\n\n\n<li><a href=\"https:\/\/aqcamo.ca\/wp-content\/uploads\/2021\/08\/Utilisation-des-medicaments-biosimilaires-Juillet-2021.pdf\">Optimal use of biologics and biosimilars<\/a><\/li>\n<\/ul>\n\n\n\n<p>Patient links  <\/p>\n\n\n\n<ul class=\"wp-block-list\">\n<li><a href=\"https:\/\/www.sac-isc.gc.ca\/fra\/1569861171996\/1569861324236\" target=\"_blank\" rel=\"noreferrer noopener\">Aboriginal health<\/a> <\/li>\n\n\n\n<li><a href=\"https:\/\/www.canada.ca\/fr\/immigration-refugies-citoyennete\/services\/refugies\/aide-partir-canada\/soins-sante.html\" target=\"_blank\" rel=\"noreferrer noopener\">Health care &#8211; Refugees<\/a> <\/li>\n\n\n\n<li><a href=\"https:\/\/coalitioncancer.com\/\" target=\"_blank\" rel=\"noreferrer noopener\">Coalition Priorit\u00e9 Cancer au Qu\u00e9bec<\/a> <\/li>\n\n\n\n<li><a href=\"https:\/\/coactif.ca\/\">Fondation Virage<\/a><\/li>\n<\/ul>\n\n\n\n<p>Links for professionals  <\/p>\n\n\n\n<ul class=\"wp-block-list\">\n<li><a href=\"https:\/\/www.capho.org\/\" target=\"_blank\" rel=\"noreferrer noopener\">Canadian Association of Oncology Pharmacists<\/a> <\/li>\n\n\n\n<li><a href=\"https:\/\/www.apesquebec.org\/\" target=\"_blank\" rel=\"noreferrer noopener\">Association des pharmaciens des \u00e9tablissements de sant\u00e9 du Qu\u00e9bec<\/a> <\/li>\n\n\n\n<li><a href=\"http:\/\/www.aqio.org\/\" target=\"_blank\" rel=\"noreferrer noopener\">Quebec Association of Nurses in Oncology<\/a> <\/li>\n\n\n\n<li><a href=\"https:\/\/aqatp.ca\/\" target=\"_blank\" rel=\"noreferrer noopener\">Association qu\u00e9b\u00e9coise des assistants techniques en pharmacie<\/a> <\/li>\n\n\n\n<li><a href=\"https:\/\/www.cano-acio.ca\/events\/EventDetails.aspx?id=932959&amp;group\" target=\"_blank\" rel=\"noreferrer noopener\">Canadian Association of Nurses in Oncology<\/a> <\/li>\n\n\n\n<li><a href=\"https:\/\/www.capo.ca\/\" target=\"_blank\" rel=\"noreferrer noopener\">Canadian Association of Psychosocial Oncology<\/a> <\/li>\n<\/ul>\n<\/div>\n<\/div>\n\n\n\n<div>\n<div class=\"lien-utile\">\n<h3 class=\"gb-text\"><strong><strong>&nbsp;<strong>Other useful links<\/strong><\/strong><\/strong><\/h3>\n\n\n\n<ul class=\"wp-block-list\">\n<li><a href=\"https:\/\/www.clhia.ca\/web\/CLHIA_LP4W_LND_Webstation.nsf\/resources\/Consumer+Brochures\/%24file\/Brochure_Guide_To_CoOrdinationBenefits_FR.pdf\">Guide to the coordination of benefits<\/a><\/li>\n\n\n\n<li><a href=\"https:\/\/www.lanierlawfirm.com\/mesothelioma\/treatment\/\">Mesothelioma treatment<\/a><\/li>\n\n\n\n<li><a href=\"https:\/\/mesothelioma.net\/mesothelioma-diagnosis\/\" target=\"_blank\" rel=\"noreferrer noopener\">Information on mesothelioma diagnosis<\/a><\/li>\n\n\n\n<li><a href=\"https:\/\/pacificmedicalacls.com\/leukemia\">Leukemia<\/a><\/li>\n<\/ul>\n<\/div>\n<\/div>\n<\/div>\n\n\n\n<div class=\"gb-element-e462ef7a\"><\/div>\n<\/div>\n","protected":false},"excerpt":{"rendered":"<p>Here are some useful resources for patients and oncology access coordinators. If you know of other relevant resources to add to this list, please feel free to send us your suggestion at info@aqcamo.ca. Organizations in Canada&nbsp; Patient support groups Join a support group waiting list Organizations in Qu\u00e9bec&nbsp; Insurance companies&nbsp; Institutions&nbsp; Government institutions Government links &#8230; <a title=\"Useful links\" class=\"read-more\" href=\"https:\/\/staging.aqcamo.ca\/en\/useful-links\/\" aria-label=\"Read more about Useful links\">Read more<\/a><\/p>\n","protected":false},"author":1,"featured_media":0,"parent":0,"menu_order":0,"comment_status":"closed","ping_status":"closed","template":"","meta":{"_acf_changed":false,"inline_featured_image":false,"_monsterinsights_skip_tracking":false,"_monsterinsights_sitenote_active":false,"_monsterinsights_sitenote_note":"","_monsterinsights_sitenote_category":0,"footnotes":""},"dashboard_access":[],"class_list":["post-6945","page","type-page","status-publish"],"acf":[],"_links":{"self":[{"href":"https:\/\/staging.aqcamo.ca\/en\/wp-json\/wp\/v2\/pages\/6945","targetHints":{"allow":["GET"]}}],"collection":[{"href":"https:\/\/staging.aqcamo.ca\/en\/wp-json\/wp\/v2\/pages"}],"about":[{"href":"https:\/\/staging.aqcamo.ca\/en\/wp-json\/wp\/v2\/types\/page"}],"author":[{"embeddable":true,"href":"https:\/\/staging.aqcamo.ca\/en\/wp-json\/wp\/v2\/users\/1"}],"replies":[{"embeddable":true,"href":"https:\/\/staging.aqcamo.ca\/en\/wp-json\/wp\/v2\/comments?post=6945"}],"version-history":[{"count":0,"href":"https:\/\/staging.aqcamo.ca\/en\/wp-json\/wp\/v2\/pages\/6945\/revisions"}],"wp:attachment":[{"href":"https:\/\/staging.aqcamo.ca\/en\/wp-json\/wp\/v2\/media?parent=6945"}],"wp:term":[{"taxonomy":"dashboard_access","embeddable":true,"href":"https:\/\/staging.aqcamo.ca\/en\/wp-json\/wp\/v2\/dashboard_access?post=6945"}],"curies":[{"name":"wp","href":"https:\/\/api.w.org\/{rel}","templated":true}]}}