{"id":6918,"date":"2025-05-08T02:00:23","date_gmt":"2025-05-08T02:00:23","guid":{"rendered":"https:\/\/staging.aqcamo.ca\/events\/"},"modified":"2025-05-23T21:13:27","modified_gmt":"2025-05-24T01:13:27","slug":"events","status":"publish","type":"page","link":"https:\/\/staging.aqcamo.ca\/en\/events\/","title":{"rendered":"Events"},"content":{"rendered":"\n<div class=\"gb-element-6118441b remonter-bloc\"><div class=\"section-evenements evenements-futurs\"><h2>Upcoming Events<\/h2><p>Aucun \u00e9v\u00e9nement \u00e0 venir.<\/p><\/div><div class=\"section-evenements evenements-passes\"><h2>Past Events<\/h2><div class=\"evenements-grid\"><div class=\"evenement-item\"><div class=\"evenement-image\"><img loading=\"lazy\" decoding=\"async\" width=\"300\" height=\"187\" src=\"https:\/\/staging.aqcamo.ca\/wp-content\/uploads\/2025\/04\/congres-20251004-300x187.jpeg\" class=\"attachment-medium size-medium wp-post-image\" alt=\"\" srcset=\"https:\/\/staging.aqcamo.ca\/wp-content\/uploads\/2025\/04\/congres-20251004-300x187.jpeg 300w, https:\/\/staging.aqcamo.ca\/wp-content\/uploads\/2025\/04\/congres-20251004-1024x639.jpeg 1024w, https:\/\/staging.aqcamo.ca\/wp-content\/uploads\/2025\/04\/congres-20251004-768x479.jpeg 768w, https:\/\/staging.aqcamo.ca\/wp-content\/uploads\/2025\/04\/congres-20251004.jpeg 1280w\" sizes=\"auto, (max-width: 300px) 100vw, 300px\" \/><\/div><div class=\"evenement-contenu\"><h3><a href=\"https:\/\/staging.aqcamo.ca\/en\/annual-conference-2025\/\">Annual Conference 2025<\/a><\/h3><p class=\"evenement-date\">Date: 04 October 2025<\/p><div class=\"evenement-extrait\">We are delighted to inform you that the AQCAMO 2025 annual convention will be held on October 4, 2025 at the Sheraton Laval convention center under the theme of &#8220;Let&#8217;s surpass ourselves, with passion for our patients&#8221;. Save the date in your diaries and get ready for an unmissable event! More information will follow shortly. ... <a title=\"Annual Conference 2025\" class=\"read-more\" href=\"https:\/\/staging.aqcamo.ca\/en\/annual-conference-2025\/\" aria-label=\"Read more about Annual Conference 2025\">Read more<\/a><\/div><a href=\"https:\/\/staging.aqcamo.ca\/en\/annual-conference-2025\/\" class=\"evenement-lien\">Learn more<\/a><\/div><\/div><div class=\"evenement-item\"><div class=\"evenement-image\"><img loading=\"lazy\" decoding=\"async\" width=\"300\" height=\"200\" src=\"https:\/\/staging.aqcamo.ca\/wp-content\/uploads\/2025\/05\/Banniere-infolettre-et-RS-600-x-400-pixels-2023-300x200.png\" class=\"attachment-medium size-medium wp-post-image\" alt=\"\" srcset=\"https:\/\/staging.aqcamo.ca\/wp-content\/uploads\/2025\/05\/Banniere-infolettre-et-RS-600-x-400-pixels-2023-300x200.png 300w, https:\/\/staging.aqcamo.ca\/wp-content\/uploads\/2025\/05\/Banniere-infolettre-et-RS-600-x-400-pixels-2023-1024x683.png 1024w, https:\/\/staging.aqcamo.ca\/wp-content\/uploads\/2025\/05\/Banniere-infolettre-et-RS-600-x-400-pixels-2023-768x512.png 768w, https:\/\/staging.aqcamo.ca\/wp-content\/uploads\/2025\/05\/Banniere-infolettre-et-RS-600-x-400-pixels-2023-1536x1025.png 1536w, https:\/\/staging.aqcamo.ca\/wp-content\/uploads\/2025\/05\/Banniere-infolettre-et-RS-600-x-400-pixels-2023.png 1667w\" sizes=\"auto, (max-width: 300px) 100vw, 300px\" \/><\/div><div class=\"evenement-contenu\"><h3><a href=\"https:\/\/staging.aqcamo.ca\/en\/2023-annual-conference\/\">2023 Annual Conference<\/a><\/h3><p class=\"evenement-date\">Date: 21 October 2023<\/p><div class=\"evenement-extrait\">AQCAMO is delighted to announce that registration is now officially open for its Congress and Cocktail Reception. This event will be held on October 21, 2023, at the CHUM Research Centre, under the theme &#8220;Sharing our experiences is our strength&#8220;, and will highlight the important role of CAMs within the oncology team. Dates: October 21, ... <a title=\"2023 Annual Conference\" class=\"read-more\" href=\"https:\/\/staging.aqcamo.ca\/en\/2023-annual-conference\/\" aria-label=\"Read more about 2023 Annual Conference\">Read more<\/a><\/div><a href=\"https:\/\/staging.aqcamo.ca\/en\/2023-annual-conference\/\" class=\"evenement-lien\">Learn more<\/a><\/div><\/div><div class=\"evenement-item\"><div class=\"evenement-image\"><img loading=\"lazy\" decoding=\"async\" width=\"300\" height=\"300\" src=\"https:\/\/staging.aqcamo.ca\/wp-content\/uploads\/2025\/05\/ACQAMO-invitation-2022-300x300.png\" class=\"attachment-medium size-medium wp-post-image\" alt=\"\" srcset=\"https:\/\/staging.aqcamo.ca\/wp-content\/uploads\/2025\/05\/ACQAMO-invitation-2022-300x300.png 300w, https:\/\/staging.aqcamo.ca\/wp-content\/uploads\/2025\/05\/ACQAMO-invitation-2022-1024x1024.png 1024w, https:\/\/staging.aqcamo.ca\/wp-content\/uploads\/2025\/05\/ACQAMO-invitation-2022-150x150.png 150w, https:\/\/staging.aqcamo.ca\/wp-content\/uploads\/2025\/05\/ACQAMO-invitation-2022-768x768.png 768w, https:\/\/staging.aqcamo.ca\/wp-content\/uploads\/2025\/05\/ACQAMO-invitation-2022-1536x1536.png 1536w, https:\/\/staging.aqcamo.ca\/wp-content\/uploads\/2025\/05\/ACQAMO-invitation-2022-2048x2048.png 2048w\" sizes=\"auto, (max-width: 300px) 100vw, 300px\" \/><\/div><div class=\"evenement-contenu\"><h3><a href=\"https:\/\/staging.aqcamo.ca\/en\/annual-congress-2022\/\">Annual Congress 2022<\/a><\/h3><p class=\"evenement-date\">Date: 11 November 2022<\/p><div class=\"evenement-extrait\">We are delighted to invite you to our first-ever conference! This will be combined with a Recognition Evening, during which AQCAMO will award Recognition Prizes to members who stand out in their practice and contribute to the advancement of oncology medication access coordinators (MACs). Date: November 11 and 12, 2022Location: H\u00f4tel Omni Mont-Royal, Montr\u00e9alCost: free ... <a title=\"Annual Congress 2022\" class=\"read-more\" href=\"https:\/\/staging.aqcamo.ca\/en\/annual-congress-2022\/\" aria-label=\"Read more about Annual Congress 2022\">Read more<\/a><\/div><a href=\"https:\/\/staging.aqcamo.ca\/en\/annual-congress-2022\/\" class=\"evenement-lien\">Learn more<\/a><\/div><\/div><div class=\"evenement-item\"><div class=\"evenement-image\"><img loading=\"lazy\" decoding=\"async\" width=\"300\" height=\"300\" src=\"https:\/\/staging.aqcamo.ca\/wp-content\/uploads\/2025\/05\/Invitation-_2021-300x300.png\" class=\"attachment-medium size-medium wp-post-image\" alt=\"\" srcset=\"https:\/\/staging.aqcamo.ca\/wp-content\/uploads\/2025\/05\/Invitation-_2021-300x300.png 300w, https:\/\/staging.aqcamo.ca\/wp-content\/uploads\/2025\/05\/Invitation-_2021-150x150.png 150w, https:\/\/staging.aqcamo.ca\/wp-content\/uploads\/2025\/05\/Invitation-_2021-768x768.png 768w, https:\/\/staging.aqcamo.ca\/wp-content\/uploads\/2025\/05\/Invitation-_2021.png 820w\" sizes=\"auto, (max-width: 300px) 100vw, 300px\" \/><\/div><div class=\"evenement-contenu\"><h3><a href=\"https:\/\/staging.aqcamo.ca\/en\/annual-conference-2021\/\">Annual conference 2021<\/a><\/h3><p class=\"evenement-date\">Date: 12 November 2021<\/p><div class=\"evenement-extrait\">Friday, November 12, 2021Drummondville We are proud to invite you to our first Oncology Medication Access Coordinator Recognition Event. There&#8217;s no denying it, the last two years have been no picnic. What&#8217;s more, we know that the vital work you do isn&#8217;t always recognized, either properly or at all. So we&#8217;d like to offer you ... <a title=\"Annual conference 2021\" class=\"read-more\" href=\"https:\/\/staging.aqcamo.ca\/en\/annual-conference-2021\/\" aria-label=\"Read more about Annual conference 2021\">Read more<\/a><\/div><a href=\"https:\/\/staging.aqcamo.ca\/en\/annual-conference-2021\/\" class=\"evenement-lien\">Learn more<\/a><\/div><\/div><\/div><\/div><style>\r\n        .section-evenements {\r\n            margin-bottom: 40px;\r\n        }\r\n        .evenements-grid {\r\n            display: grid;\r\n            grid-template-columns: repeat(auto-fill, minmax(300px, 1fr));\r\n            gap: 20px;\r\n            margin-top: 20px;\r\n        }\r\n        .evenement-item {\r\n            border: 1px solid #eee;\r\n            border-radius: 8px;\r\n            overflow: hidden;\r\n            box-shadow: 0 2px 4px rgba(0,0,0,0.1);\r\n        }\r\n        .evenements-futurs .evenement-item {\r\n            border-top: 3px solid #70be45;\r\n        }\r\n        .evenements-passes .evenement-item {\r\n            border-top: 3px solid #aaa;\r\n            opacity: 0.85;\r\n        }\r\n        .evenement-image img {\r\n            width: 100%;\r\n            height: auto;\r\n            display: block;\r\n        }\r\n        .evenement-contenu {\r\n            padding: 15px;\r\n        }\r\n        .evenement-date {\r\n            color: #666;\r\n            font-style: italic;\r\n        }\r\n        .evenement-lien {\r\n            display: inline-block;\r\n            margin-top: 10px;\r\n            padding: 5px 15px;\r\n            background: #4a89dc;\r\n            color: white;\r\n            text-decoration: none;\r\n            border-radius: 4px;\r\n            font-weight: 600;\r\n        }\r\n        .evenements-futurs .evenement-lien {\r\n            background: #70be45 !important;\r\n        }\r\n        .evenements-passes .evenement-lien {\r\n            background: #999;\r\n        }\r\n    <\/style>\n<\/div>\n","protected":false},"excerpt":{"rendered":"","protected":false},"author":1,"featured_media":0,"parent":0,"menu_order":0,"comment_status":"closed","ping_status":"closed","template":"","meta":{"_acf_changed":false,"inline_featured_image":false,"_monsterinsights_skip_tracking":false,"_monsterinsights_sitenote_active":false,"_monsterinsights_sitenote_note":"","_monsterinsights_sitenote_category":0,"footnotes":""},"dashboard_access":[],"class_list":["post-6918","page","type-page","status-publish","hentry"],"acf":[],"_links":{"self":[{"href":"https:\/\/staging.aqcamo.ca\/en\/wp-json\/wp\/v2\/pages\/6918","targetHints":{"allow":["GET"]}}],"collection":[{"href":"https:\/\/staging.aqcamo.ca\/en\/wp-json\/wp\/v2\/pages"}],"about":[{"href":"https:\/\/staging.aqcamo.ca\/en\/wp-json\/wp\/v2\/types\/page"}],"author":[{"embeddable":true,"href":"https:\/\/staging.aqcamo.ca\/en\/wp-json\/wp\/v2\/users\/1"}],"replies":[{"embeddable":true,"href":"https:\/\/staging.aqcamo.ca\/en\/wp-json\/wp\/v2\/comments?post=6918"}],"version-history":[{"count":0,"href":"https:\/\/staging.aqcamo.ca\/en\/wp-json\/wp\/v2\/pages\/6918\/revisions"}],"wp:attachment":[{"href":"https:\/\/staging.aqcamo.ca\/en\/wp-json\/wp\/v2\/media?parent=6918"}],"wp:term":[{"taxonomy":"dashboard_access","embeddable":true,"href":"https:\/\/staging.aqcamo.ca\/en\/wp-json\/wp\/v2\/dashboard_access?post=6918"}],"curies":[{"name":"wp","href":"https:\/\/api.w.org\/{rel}","templated":true}]}}