{"id":6910,"date":"2025-04-27T18:48:04","date_gmt":"2025-04-27T18:48:04","guid":{"rendered":"https:\/\/staging.aqcamo.ca\/become-a-member-of-aqcamo\/"},"modified":"2025-05-19T00:45:41","modified_gmt":"2025-05-19T00:45:41","slug":"become-a-member-of-aqcamo","status":"publish","type":"page","link":"https:\/\/staging.aqcamo.ca\/en\/become-a-member-of-aqcamo\/","title":{"rendered":"Become a member of AQCAMO"},"content":{"rendered":"\n<div class=\"wp-block-group remonter-bloc\"><div class=\"wp-block-group__inner-container is-layout-constrained wp-block-group-is-layout-constrained\">\n<h2 class=\"wp-block-heading\"><strong>Join AQCAMO today!<\/strong><\/h2>\n\n\n\n<p>Membership is 100% free for Quebec healthcare professionals actively involved in the management of cancer drug reimbursement in public institutions.<\/p>\n\n\n\n<div class=\"wp-block-buttons is-layout-flex wp-block-buttons-is-layout-flex\">\n<div class=\"wp-block-button smooth-scroll\"><a class=\"wp-block-button__link wp-element-button\" href=\"#formulaire\">Join now \u2794<\/a><\/div>\n<\/div>\n\n\n\n<hr class=\"wp-block-separator has-alpha-channel-opacity\"\/>\n\n\n\n<h2 class=\"wp-block-heading\"><strong>Benefits of membership<\/strong><\/h2>\n\n\n\n<div class=\"gb-element-50ba82d5 fade-in-on-scroll\">\n<div class=\"section-fond\">\n<h3 class=\"gb-text\">\ud83d\udcc4 <strong>Access to resources<\/strong><\/h3>\n\n\n\n<p>Access a complete center of drug documents, practical references and forms to optimize your daily work.<\/p>\n\n\n\n<h3 class=\"gb-text\">\ud83c\udf93 <strong>Training and networking<\/strong><\/h3>\n\n\n\n<p>Benefit from recorded webinars, online training, and participate in training and networking sessions, including an exclusive invitation to our annual conference.<\/p>\n<\/div>\n<\/div>\n\n\n\n<hr class=\"wp-block-separator has-alpha-channel-opacity\"\/>\n\n\n\n<h2 class=\"wp-block-heading\"><strong>AQCAMO&#8217;s commitment<\/strong><\/h2>\n\n\n\n<div class=\"gb-element-c01e815d fade-in-on-scroll\">\n<div class=\"section-fond\">\n<h3 class=\"gb-text\">\ud83c\udf1f <strong>Visibility<\/strong><\/h3>\n\n\n\n<p>AQCAMO is working to raise the profile of access-to-medication coordinators, promoting their essential role on social media and in the Quebec healthcare system.<\/p>\n\n\n\n<h3 class=\"gb-text\">\ud83c\udfdb\ufe0f <strong>Representation<\/strong><\/h3>\n\n\n\n<p>AQCAMO actively represents access-to-medication coordinators to ensure that their importance is recognized by the various levels of government.<\/p>\n\n\n\n<h3 class=\"gb-text\">\ud83e\udd1d <strong>Supporting the next generation<\/strong><\/h3>\n\n\n\n<p>AQCAMO contributes to the development of the next generation of CAMs, and ensures the longevity of the profession by fostering mutual respect and supporting new generations of CAMs.<\/p>\n<\/div>\n<\/div>\n\n\n\n<hr class=\"wp-block-separator has-alpha-channel-opacity\"\/>\n\n\n\n<h2 class=\"wp-block-heading\"><strong>Important information<\/strong><\/h2>\n\n\n\n<p>By becoming a member of the AQCAMO, you agree to receive our electronic communications.<br\/>You can unsubscribe at any time using the link included in each e-mail.<br\/>If you continue to receive our messages after unsubscribing, please <strong>contact us directly<\/strong>.<\/p>\n\n\n\n<hr class=\"wp-block-separator has-alpha-channel-opacity\"\/>\n\n\n\n<h2 class=\"wp-block-heading\"><strong>Eligibility requirements<\/strong><\/h2>\n\n\n\n<blockquote class=\"wp-block-quote is-layout-flow wp-block-quote-is-layout-flow\">\n<p class=\"checkmark-green\">Be a healthcare professional practicing in Quebec<\/p>\n\n\n\n<p class=\"checkmark-green\">Be actively involved in managing the reimbursement of cancer drugs<\/p>\n\n\n\n<p class=\"checkmark-green\">Working in a public facility<\/p>\n\n\n\n<p class=\"checkmark-green\"><strong>Government e-mail address required<\/strong> (e.g. @ssss.qc.ca)<\/p>\n<\/blockquote>\n\n\n\n<h2 class=\"wp-block-heading\" id=\"formulaire\"><strong>Register now<\/strong><\/h2>\n<\/div><\/div>\n<div id=\"formulaire-adhesion\"> <div class='fluentform ff-inherit-theme-style fluentform_wrapper_3'><form data-form_id=\"3\" id=\"fluentform_3\" class=\"frm-fluent-form fluent_form_3 ff-el-form-top ff_form_instance_3_1 ff-form-loading ffs_inherit_theme\" data-form_instance=\"ff_form_instance_3_1\" method=\"POST\" ><fieldset  style=\"border: none!important;margin: 0!important;padding: 0!important;background-color: transparent!important;box-shadow: none!important;outline: none!important; min-inline-size: 100%;\">\n                    <legend class=\"ff_screen_reader_title\" style=\"display: block; margin: 0!important;padding: 0!important;height: 0!important;text-indent: -999999px;width: 0!important;overflow:hidden;\">Inscription membre AQCAMO<\/legend><p style=\"display: none !important;\" class=\"akismet-fields-container\" data-prefix=\"ak_\"><label>&#916;<textarea name=\"ak_hp_textarea\" cols=\"45\" rows=\"8\" maxlength=\"100\"><\/textarea><\/label><input type=\"hidden\" id=\"ak_js_1\" name=\"ak_js\" value=\"148\"\/><script>document.getElementById( \"ak_js_1\" ).setAttribute( \"value\", ( new Date() ).getTime() );<\/script><\/p><input type='hidden' name='__fluent_form_embded_post_id' value='6910' \/><input type=\"hidden\" id=\"_fluentform_3_fluentformnonce\" name=\"_fluentform_3_fluentformnonce\" value=\"e5420a9229\" \/><input type=\"hidden\" name=\"_wp_http_referer\" value=\"\/en\/wp-json\/wp\/v2\/pages\/6910\" \/><div data-type=\"name-element\" data-name=\"names\" class=\" ff-field_container ff-name-field-wrapper\" ><div class='ff-t-container'><div class='ff-t-cell '><div class='ff-el-group'><div class=\"ff-el-input--label ff-el-is-required asterisk-right\"><label for='ff_3_names_first_name_' id='label_ff_3_names_first_name_' >Pr\u00e9nom<\/label><\/div><div class='ff-el-input--content'><input type=\"text\" name=\"names[first_name]\" id=\"ff_3_names_first_name_\" class=\"ff-el-form-control\" placeholder=\"Pr\u00e9nom\" aria-invalid=\"false\" aria-required=true><\/div><\/div><\/div><div class='ff-t-cell '><div class='ff-el-group'><div class=\"ff-el-input--label ff-el-is-required asterisk-right\"><label for='ff_3_names_last_name_' id='label_ff_3_names_last_name_' >Nom<\/label><\/div><div class='ff-el-input--content'><input type=\"text\" name=\"names[last_name]\" id=\"ff_3_names_last_name_\" class=\"ff-el-form-control\" placeholder=\"Nom\" aria-invalid=\"false\" aria-required=true><\/div><\/div><\/div><\/div><\/div><div class='ff-el-group'><div class=\"ff-el-input--label ff-el-is-required asterisk-right\"><label for='ff_3_email' id='label_ff_3_email' aria-label=\"Email\">Email<\/label><\/div><div class='ff-el-input--content'><input type=\"email\" name=\"email\" id=\"ff_3_email\" class=\"ff-el-form-control\" placeholder=\"Adresse Email\" data-name=\"email\"  aria-invalid=\"false\" aria-required=true><\/div><\/div><div class='ff-el-group'><div class=\"ff-el-input--label ff-el-is-required asterisk-right\"><label for='ff_3_phone' id='label_ff_3_phone' aria-label=\"T\u00e9l\u00e9phone\">T\u00e9l\u00e9phone<\/label><\/div><div class='ff-el-input--content'><input name=\"phone\" class=\"ff-el-form-control ff-el-phone\" type=\"tel\" placeholder=\"855-827-2266\" data-name=\"phone\" id=\"ff_3_phone\" inputmode=\"tel\"  aria-invalid='false' aria-required=true><\/div><\/div><div class='ff-el-group'><div class=\"ff-el-input--label ff-el-is-required asterisk-right\"><label for='ff_3_subject' id='label_ff_3_subject' aria-label=\"Titre profesionnelle\">Titre profesionnelle<\/label><\/div><div class='ff-el-input--content'><input type=\"text\" name=\"subject\" class=\"ff-el-form-control\" placeholder=\"Infirmi\u00e8re CAM\" data-name=\"subject\" id=\"ff_3_subject\"  aria-invalid=\"false\" aria-required=true><\/div><\/div><div class='ff-el-group'><div class=\"ff-el-input--label asterisk-right\"><label for='ff_3_dropdown' id='label_ff_3_dropdown' aria-label=\"Liste d\u00e9roulante\">Liste d\u00e9roulante<\/label><\/div><div class='ff-el-input--content'><select name=\"dropdown\" id=\"ff_3_dropdown\" class=\"ff-el-form-control  ff_has_multi_select\" data-name=\"dropdown\" data-calc_value=\"0\"  aria-invalid=\"false\" aria-required=\"false\" aria-labelledby=\"label_ff_3_dropdown\"><option value=\"\">S\u00e9lectionner votre lieu de travail<\/option><option value=\"Autre\"  >Autre<\/option><option value=\"Centre de sant\u00e9 de Mashteuiatsh\"  >Centre de sant\u00e9 de Mashteuiatsh<\/option><option value=\"Centre de sant\u00e9 et de services sociaux du Haut-Saint-Fran\u00e7ois\"  >Centre de sant\u00e9 et de services sociaux du Haut-Saint-Fran\u00e7ois<\/option><option value=\"Centre de sant\u00e9 Inuulitsivik\"  >Centre de sant\u00e9 Inuulitsivik<\/option><option value=\"Centre de sant\u00e9 Lebel\"  >Centre de sant\u00e9 Lebel<\/option><option value=\"Centre de sant\u00e9 Marie-Paule Sioui-Vincent\"  >Centre de sant\u00e9 Marie-Paule Sioui-Vincent<\/option><option value=\"Centre de Sant\u00e9 Mentale Bathurst\"  >Centre de Sant\u00e9 Mentale Bathurst<\/option><option value=\"Centre de sant\u00e9 Tulattavik de l&#039;Ungava\"  >Centre de sant\u00e9 Tulattavik de l'Ungava<\/option><option value=\"Centre de Services de Rivi\u00e8re Rouge\"  >Centre de Services de Rivi\u00e8re Rouge<\/option><option value=\"Centre de services Haut-St-Maurice\"  >Centre de services Haut-St-Maurice<\/option><option value=\"Centre de stomie du Qu\u00e9bec\"  >Centre de stomie du Qu\u00e9bec<\/option><option value=\"Centre d&#039;excellence sur le vieillissement de Qu\u00e9bec (CEVQ)\"  >Centre d'excellence sur le vieillissement de Qu\u00e9bec (CEVQ)<\/option><option value=\"Centre d&#039;h\u00e9bergement Armand-Lavergne\"  >Centre d'h\u00e9bergement Armand-Lavergne<\/option><option value=\"Centre d&#039;h\u00e9bergement Bellerive\"  >Centre d'h\u00e9bergement Bellerive<\/option><option value=\"Centre d&#039;h\u00e9bergement Champlain de la Rose Blanche\"  >Centre d'h\u00e9bergement Champlain de la Rose Blanche<\/option><option value=\"Centre d&#039;h\u00e9bergement Charlesbourg\"  >Centre d'h\u00e9bergement Charlesbourg<\/option><option value=\"Centre d&#039;h\u00e9bergement Christ-Roi\"  >Centre d'h\u00e9bergement Christ-Roi<\/option><option value=\"Centre d&#039;h\u00e9bergement Contrecoeur\"  >Centre d'h\u00e9bergement Contrecoeur<\/option><option value=\"Centre d&#039;h\u00e9bergement de Clermont\"  >Centre d'h\u00e9bergement de Clermont<\/option><option value=\"Centre d&#039;h\u00e9bergement de l&#039;H\u00f4pital de Baie-Saint-Paul\"  >Centre d'h\u00e9bergement de l'H\u00f4pital de Baie-Saint-Paul<\/option><option value=\"Centre d&#039;h\u00e9bergement de l&#039;H\u00f4pital de Sainte-Anne-de-Beaupr\u00e9\"  >Centre d'h\u00e9bergement de l'H\u00f4pital de Sainte-Anne-de-Beaupr\u00e9<\/option><option value=\"Centre d&#039;h\u00e9bergement des Hauteurs\"  >Centre d'h\u00e9bergement des Hauteurs<\/option><option value=\"Centre d&#039;h\u00e9bergement du Bois\u00e9\"  >Centre d'h\u00e9bergement du Bois\u00e9<\/option><option value=\"Centre d&#039;h\u00e9bergement Du Fargy\"  >Centre d'h\u00e9bergement Du Fargy<\/option><option value=\"Centre d&#039;h\u00e9bergement d&#039;Youville\"  >Centre d'h\u00e9bergement d'Youville<\/option><option value=\"Centre d&#039;h\u00e9bergement Le Faubourg\"  >Centre d'h\u00e9bergement Le Faubourg<\/option><option value=\"Centre d&#039;h\u00e9bergement Louis-H\u00e9bert\"  >Centre d'h\u00e9bergement Louis-H\u00e9bert<\/option><option value=\"Centre d&#039;h\u00e9bergement Notre-Dame-de-Lourdes\"  >Centre d'h\u00e9bergement Notre-Dame-de-Lourdes<\/option><option value=\"Centre d&#039;h\u00e9bergement Paul-\u00c9mile-L\u00e9ger\"  >Centre d'h\u00e9bergement Paul-\u00c9mile-L\u00e9ger<\/option><option value=\"Centre d&#039;h\u00e9bergement Sacr\u00e9-Coeur\"  >Centre d'h\u00e9bergement Sacr\u00e9-Coeur<\/option><option value=\"Centre d&#039;h\u00e9bergement Saint Brigid&#039;s Home\"  >Centre d'h\u00e9bergement Saint Brigid's Home<\/option><option value=\"Centre d&#039;h\u00e9bergement Saint-Antoine\"  >Centre d'h\u00e9bergement Saint-Antoine<\/option><option value=\"Centre d&#039;h\u00e9bergement Saint-Augustin\"  >Centre d'h\u00e9bergement Saint-Augustin<\/option><option value=\"Centre d&#039;h\u00e9bergement Saint-Casimir\"  >Centre d'h\u00e9bergement Saint-Casimir<\/option><option value=\"Centre d&#039;h\u00e9bergement St-Fran\u00e7ois\"  >Centre d'h\u00e9bergement St-Fran\u00e7ois<\/option><option value=\"Centre d&#039;h\u00e9bergement St-Jean-Eudes\"  >Centre d'h\u00e9bergement St-Jean-Eudes<\/option><option value=\"Centre G\u00e9riatrique Maimonides Donald Berman\"  >Centre G\u00e9riatrique Maimonides Donald Berman<\/option><option value=\"Centre hospitalier affili\u00e9 universitaire de Qu\u00e9bec\"  >Centre hospitalier affili\u00e9 universitaire de Qu\u00e9bec<\/option><option value=\"Centre hospitalier de Coaticook\"  >Centre hospitalier de Coaticook<\/option><option value=\"Centre hospitalier de Granby\"  >Centre hospitalier de Granby<\/option><option value=\"Centre hospitalier de l&#039;Universit\u00e9 de Montr\u00e9al\"  >Centre hospitalier de l'Universit\u00e9 de Montr\u00e9al<\/option><option value=\"Centre hospitalier de l&#039;Universit\u00e9 Laval (CHU)\"  >Centre hospitalier de l'Universit\u00e9 Laval (CHU)<\/option><option value=\"Centre hospitalier de Rivi\u00e8re-Rouge\"  >Centre hospitalier de Rivi\u00e8re-Rouge<\/option><option value=\"Centre hospitalier H\u00f4tel-Dieu-de-Sorel\"  >Centre hospitalier H\u00f4tel-Dieu-de-Sorel<\/option><option value=\"Centre hospitalier La Mitis\"  >Centre hospitalier La Mitis<\/option><option value=\"Centre hospitalier Magog\"  >Centre hospitalier Magog<\/option><option value=\"Centre Hospitalier Pierre Boucher\"  >Centre Hospitalier Pierre Boucher<\/option><option value=\"Centre hospitalier r\u00e9gional de Lanaudi\u00e8re\"  >Centre hospitalier r\u00e9gional de Lanaudi\u00e8re<\/option><option value=\"Centre hospitalier r\u00e9gional de Trois-Rivi\u00e8res\"  >Centre hospitalier r\u00e9gional de Trois-Rivi\u00e8res<\/option><option value=\"Centre hospitalier r\u00e9gional du Grand-Portage\"  >Centre hospitalier r\u00e9gional du Grand-Portage<\/option><option value=\"Centre hospitalier Restigouche\"  >Centre hospitalier Restigouche<\/option><option value=\"Centre hospitalier St. Mary\"  >Centre hospitalier St. Mary<\/option><option value=\"Centre Hospitalier St-Fran\u00e7ois\"  >Centre Hospitalier St-Fran\u00e7ois<\/option><option value=\"Centre hospitalier universitaire de Sherbrooke (CHUS)\"  >Centre hospitalier universitaire de Sherbrooke (CHUS)<\/option><option value=\"Centre hospitalier universitaire Dr-Georges-L.-Dumont\"  >Centre hospitalier universitaire Dr-Georges-L.-Dumont<\/option><option value=\"Centre hospitalier universitaire Sainte-Justine\"  >Centre hospitalier universitaire Sainte-Justine<\/option><option value=\"Centre int\u00e9gr\u00e9 de la sant\u00e9 et des services sociaux de la Mont\u00e9r\u00e9gie Ouest\"  >Centre int\u00e9gr\u00e9 de la sant\u00e9 et des services sociaux de la Mont\u00e9r\u00e9gie Ouest<\/option><option value=\"Centre int\u00e9gr\u00e9 de sant\u00e9 et de services sociaux de Lanaudi\u00e8re\"  >Centre int\u00e9gr\u00e9 de sant\u00e9 et de services sociaux de Lanaudi\u00e8re<\/option><option value=\"Centre int\u00e9gr\u00e9 de sant\u00e9 et de services sociaux de l&#039;Outaouais-H\u00f4pital Pierre-Janet\"  >Centre int\u00e9gr\u00e9 de sant\u00e9 et de services sociaux de l'Outaouais-H\u00f4pital Pierre-Janet<\/option><option value=\"Centre Int\u00e9gr\u00e9 de sant\u00e9 et des services sociaux du Bas-Saint-Laurent\"  >Centre Int\u00e9gr\u00e9 de sant\u00e9 et des services sociaux du Bas-Saint-Laurent<\/option><option value=\"Centre Int\u00e9gr\u00e9 Sant\u00e9 Services Sociaux Mont\u00e9r\u00e9gie-Ouest\"  >Centre Int\u00e9gr\u00e9 Sant\u00e9 Services Sociaux Mont\u00e9r\u00e9gie-Ouest<\/option><option value=\"Centre int\u00e9gr\u00e9 universitaire de sant\u00e9 et de services sociaux de la Mauricie et du Centre du Qu\u00e9bec\"  >Centre int\u00e9gr\u00e9 universitaire de sant\u00e9 et de services sociaux de la Mauricie et du Centre du Qu\u00e9bec<\/option><option value=\"Centre M\u00e9dical Brunswick GMF Brunswick\"  >Centre M\u00e9dical Brunswick GMF Brunswick<\/option><option value=\"Centre Multi Services d&#039;Argenteuil\"  >Centre Multi Services d'Argenteuil<\/option><option value=\"Centre r\u00e9gional de sant\u00e9 mentale\"  >Centre r\u00e9gional de sant\u00e9 mentale<\/option><option value=\"Centre Universitaire de sant\u00e9 et des services sociaux de la Capitale-Nationale (CIUSSSCN)\"  >Centre Universitaire de sant\u00e9 et des services sociaux de la Capitale-Nationale (CIUSSSCN)<\/option><option value=\"CHSLD Bayview\"  >CHSLD Bayview<\/option><option value=\"CHSLD Bourget\"  >CHSLD Bourget<\/option><option value=\"CHSLD Bussey\"  >CHSLD Bussey<\/option><option value=\"CHSLD de la C\u00f4te Bois\u00e9e\"  >CHSLD de la C\u00f4te Bois\u00e9e<\/option><option value=\"CHSLD de la MRC de Coaticook\"  >CHSLD de la MRC de Coaticook<\/option><option value=\"CHSLD du Manoir-de-l&#039;\u00c2ge-d&#039;Or\"  >CHSLD du Manoir-de-l'\u00c2ge-d'Or<\/option><option value=\"CHSLD Juif de Montr\u00e9al\"  >CHSLD Juif de Montr\u00e9al<\/option><option value=\"CHSLD Providence Notre-Dame de Lourdes\"  >CHSLD Providence Notre-Dame de Lourdes<\/option><option value=\"CHSLD St-Joseph 2-3\"  >CHSLD St-Joseph 2-3<\/option><option value=\"CHSLD Vigi Brossard\"  >CHSLD Vigi Brossard<\/option><option value=\"CHSLD Vigi de l&#039;Outaouais\"  >CHSLD Vigi de l'Outaouais<\/option><option value=\"CHSLD Vigi Dollard-des-Ormeaux\"  >CHSLD Vigi Dollard-des-Ormeaux<\/option><option value=\"CHSLD Vigi l&#039;Orchid\u00e9e blanche\"  >CHSLD Vigi l'Orchid\u00e9e blanche<\/option><option value=\"CHSLD Vigi Les Chutes\"  >CHSLD Vigi Les Chutes<\/option><option value=\"CHSLD Vigi Marie-Claret\"  >CHSLD Vigi Marie-Claret<\/option><option value=\"CHSLD Vigi Mont\u00e9r\u00e9gie\"  >CHSLD Vigi Mont\u00e9r\u00e9gie<\/option><option value=\"CHSLD Vigi Mont-Royal\"  >CHSLD Vigi Mont-Royal<\/option><option value=\"CHSLD Vigi Pierrefonds\"  >CHSLD Vigi Pierrefonds<\/option><option value=\"CHSLD Vigi Sant\u00e9 Yves-Blais\"  >CHSLD Vigi Sant\u00e9 Yves-Blais<\/option><option value=\"CHSLD Vigi Shermont\"  >CHSLD Vigi Shermont<\/option><option value=\"CHSLD Vigi St-Augustin\"  >CHSLD Vigi St-Augustin<\/option><option value=\"CHSLD Villa les Tilleuls\"  >CHSLD Villa les Tilleuls<\/option><option value=\"CHU de Qu\u00e9bec\"  >CHU de Qu\u00e9bec<\/option><option value=\"CHU Ste-Justine\"  >CHU Ste-Justine<\/option><option value=\"Chul \u00e0 Qu\u00e9bec (CIUSSS de la Capitale-nationale)\"  >Chul \u00e0 Qu\u00e9bec (CIUSSS de la Capitale-nationale)<\/option><option value=\"CHUM (H\u00f4pital Notre-Dame)\"  >CHUM (H\u00f4pital Notre-Dame)<\/option><option value=\"CIM Conseil en immobilisation &amp; management\"  >CIM Conseil en immobilisation & management<\/option><option value=\"Cin\u00e9mas Guzzo\"  >Cin\u00e9mas Guzzo<\/option><option value=\"CISSS Chaudi\u00e8re-Appalaches\"  >CISSS Chaudi\u00e8re-Appalaches<\/option><option value=\"CISSS de Chaudi\u00e8re-Appalaches\"  >CISSS de Chaudi\u00e8re-Appalaches<\/option><option value=\"CISSS de la C\u00f4te-Nord\"  >CISSS de la C\u00f4te-Nord<\/option><option value=\"CISSS de la Gasp\u00e9sie\"  >CISSS de la Gasp\u00e9sie<\/option><option value=\"CISSS de la Mont\u00e9r\u00e9gie-Centre\"  >CISSS de la Mont\u00e9r\u00e9gie-Centre<\/option><option value=\"CISSS de la Mont\u00e9r\u00e9gie-Est\"  >CISSS de la Mont\u00e9r\u00e9gie-Est<\/option><option value=\"CISSS de la Mont\u00e9r\u00e9gie-Ouest\"  >CISSS de la Mont\u00e9r\u00e9gie-Ouest<\/option><option value=\"CISSS de l&#039;Abitibi-T\u00e9miscamingue\"  >CISSS de l'Abitibi-T\u00e9miscamingue<\/option><option value=\"CISSS de Lanaudi\u00e8re\"  >CISSS de Lanaudi\u00e8re<\/option><option value=\"CISSS de Laval\"  >CISSS de Laval<\/option><option value=\"CISSS de l&#039;Outaouais\"  >CISSS de l'Outaouais<\/option><option value=\"CISSS des Iles\"  >CISSS des Iles<\/option><option value=\"CISSS des Laurentides\"  >CISSS des Laurentides<\/option><option value=\"CISSS du Bas-St-Laurent\"  >CISSS du Bas-St-Laurent<\/option><option value=\"Cit\u00e9 de la Sant\u00e9\"  >Cit\u00e9 de la Sant\u00e9<\/option><option value=\"CIUSSS Capitale Nationale\"  >CIUSSS Capitale Nationale<\/option><option value=\"CIUSSS de la Capitale-Nationale\"  >CIUSSS de la Capitale-Nationale<\/option><option value=\"CIUSSS de la Mauricie-et-du-Centre-du-Qu\u00e9bec\"  >CIUSSS de la Mauricie-et-du-Centre-du-Qu\u00e9bec<\/option><option value=\"CIUSSS de l&#039;Est-de-l&#039;\u00cele-de-Montr\u00e9al\"  >CIUSSS de l'Est-de-l'\u00cele-de-Montr\u00e9al<\/option><option value=\"CIUSSS de l&#039;Estrie\"  >CIUSSS de l'Estrie<\/option><option value=\"CIUSSS de l&#039;Ouest-de-l&#039;\u00cele-de-Montr\u00e9al\"  >CIUSSS de l'Ouest-de-l'\u00cele-de-Montr\u00e9al<\/option><option value=\"CIUSSS du Centre-Ouest-de-l&#039;\u00cele-de-Montr\u00e9al\"  >CIUSSS du Centre-Ouest-de-l'\u00cele-de-Montr\u00e9al<\/option><option value=\"CIUSSS du Centre-Sud-de-l&#039;\u00cele-de-Montr\u00e9al\"  >CIUSSS du Centre-Sud-de-l'\u00cele-de-Montr\u00e9al<\/option><option value=\"CIUSSS du Nord-de-l&#039;\u00cele-de-Montr\u00e9al\"  >CIUSSS du Nord-de-l'\u00cele-de-Montr\u00e9al<\/option><option value=\"CIUSSS du Saguenay-Lac-St-Jean\"  >CIUSSS du Saguenay-Lac-St-Jean<\/option><option value=\"CIUSSSCN\"  >CIUSSSCN<\/option><option value=\"ciussse-chus\"  >ciussse-chus<\/option><option value=\"...\"  >...<\/option><\/select><\/div><\/div><div class='ff-el-group ff-text-left ff_submit_btn_wrapper'><button type=\"submit\" class=\"ff-btn ff-btn-submit ff-btn-md menu-bouton ff_btn_no_style\"  aria-label=\"Rejoindre l\u2019AQCAMO\">Rejoindre l\u2019AQCAMO<\/button><\/div><\/fieldset><\/form><div id='fluentform_3_errors' class='ff-errors-in-stack ff_form_instance_3_1 ff-form-loading_errors ff_form_instance_3_1_errors'><\/div><\/div>            <script type=\"text\/javascript\">\n                window.fluent_form_ff_form_instance_3_1 = {\"id\":\"3\",\"settings\":{\"layout\":{\"labelPlacement\":\"top\",\"asteriskPlacement\":\"asterisk-right\",\"helpMessagePlacement\":\"with_label\",\"errorMessagePlacement\":\"inline\",\"cssClassName\":\"\"},\"restrictions\":{\"denyEmptySubmission\":{\"enabled\":false}}},\"form_instance\":\"ff_form_instance_3_1\",\"form_id_selector\":\"fluentform_3\",\"rules\":{\"names[first_name]\":{\"required\":{\"value\":true,\"message\":\"This field is required\",\"global\":true,\"global_message\":\"Ce champ est obligatoire\"}},\"names[middle_name]\":{\"required\":{\"value\":false,\"message\":\"This field is required\",\"global\":true,\"global_message\":\"Ce champ est obligatoire\"}},\"names[last_name]\":{\"required\":{\"value\":true,\"message\":\"This field is required\",\"global\":true,\"global_message\":\"Ce champ est obligatoire\"}},\"email\":{\"required\":{\"value\":true,\"message\":\"This field is required\",\"global\":true,\"global_message\":\"Ce champ est obligatoire\"},\"email\":{\"value\":true,\"message\":\"This field must contain a valid email\",\"global\":true,\"global_message\":\"Ce champ doit contenir un e-mail valide\"}},\"phone\":{\"required\":{\"value\":true,\"global\":true,\"message\":\"This field is required\",\"global_message\":\"Ce champ est obligatoire\"},\"valid_phone_number\":{\"value\":false,\"global\":true,\"message\":\"Phone number is not valid\",\"global_message\":\"Le num\\u00e9ro de t\\u00e9l\\u00e9phone est invalide\"}},\"subject\":{\"required\":{\"value\":true,\"message\":\"This field is required\",\"global\":true,\"global_message\":\"Ce champ est obligatoire\"}},\"dropdown\":{\"required\":{\"value\":false,\"message\":\"This field is required\",\"global_message\":\"Ce champ est obligatoire\",\"global\":true}}},\"debounce_time\":300};\n                            <\/script>\n            <\/div>\n","protected":false},"excerpt":{"rendered":"<p>Join AQCAMO today! Membership is 100% free for Quebec healthcare professionals actively involved in the management of cancer drug reimbursement in public institutions. Benefits of membership \ud83d\udcc4 Access to resources Access a complete center of drug documents, practical references and forms to optimize your daily work. \ud83c\udf93 Training and networking Benefit from recorded webinars, online &#8230; <a title=\"Become a member of AQCAMO\" class=\"read-more\" href=\"https:\/\/staging.aqcamo.ca\/en\/become-a-member-of-aqcamo\/\" aria-label=\"Read more about Become a member of AQCAMO\">Read more<\/a><\/p>\n","protected":false},"author":1,"featured_media":0,"parent":0,"menu_order":0,"comment_status":"closed","ping_status":"closed","template":"","meta":{"_acf_changed":false,"inline_featured_image":false,"_monsterinsights_skip_tracking":false,"_monsterinsights_sitenote_active":false,"_monsterinsights_sitenote_note":"","_monsterinsights_sitenote_category":0,"footnotes":""},"dashboard_access":[],"class_list":["post-6910","page","type-page","status-publish"],"acf":[],"_links":{"self":[{"href":"https:\/\/staging.aqcamo.ca\/en\/wp-json\/wp\/v2\/pages\/6910","targetHints":{"allow":["GET"]}}],"collection":[{"href":"https:\/\/staging.aqcamo.ca\/en\/wp-json\/wp\/v2\/pages"}],"about":[{"href":"https:\/\/staging.aqcamo.ca\/en\/wp-json\/wp\/v2\/types\/page"}],"author":[{"embeddable":true,"href":"https:\/\/staging.aqcamo.ca\/en\/wp-json\/wp\/v2\/users\/1"}],"replies":[{"embeddable":true,"href":"https:\/\/staging.aqcamo.ca\/en\/wp-json\/wp\/v2\/comments?post=6910"}],"version-history":[{"count":0,"href":"https:\/\/staging.aqcamo.ca\/en\/wp-json\/wp\/v2\/pages\/6910\/revisions"}],"wp:attachment":[{"href":"https:\/\/staging.aqcamo.ca\/en\/wp-json\/wp\/v2\/media?parent=6910"}],"wp:term":[{"taxonomy":"dashboard_access","embeddable":true,"href":"https:\/\/staging.aqcamo.ca\/en\/wp-json\/wp\/v2\/dashboard_access?post=6910"}],"curies":[{"name":"wp","href":"https:\/\/api.w.org\/{rel}","templated":true}]}}