{"id":6907,"date":"2025-04-30T12:19:00","date_gmt":"2025-04-30T16:19:00","guid":{"rendered":"https:\/\/staging.aqcamo.ca\/about-us\/"},"modified":"2026-04-01T21:16:28","modified_gmt":"2026-04-02T01:16:28","slug":"about-us","status":"publish","type":"page","link":"https:\/\/staging.aqcamo.ca\/en\/about-us\/","title":{"rendered":"About us"},"content":{"rendered":"\n<div class=\"gb-element-7fa0a333 remonter-bloc\">\n<h2 class=\"gb-text\">AQCAMO, at the service of healthcare professionals and patients<\/h2>\n\n\n\n<p class=\"has-text-align-left\"><strong>The Association qu\u00e9b\u00e9coise des coordonnateurs d&#8217;acc\u00e8s aux m\u00e9dicaments en oncologie (AQCAMO)<\/strong> offers its members support, regular updates on relevant data and specialized training in access to medication.<\/p>\n\n\n\n<p>With the growing complexity of drug access and coverage, the role of reimbursement coordinators is more essential than ever, both for healthcare professionals and patients in Quebec.<\/p>\n\n\n\n<p class=\"has-text-align-left\">To ease the financial burden of cancer sufferers and enable them to concentrate on their health, these professionals are stepping up their efforts to simplify access and reimbursement procedures. AQCAMO places knowledge sharing and collaboration between coordinators and patients at the heart of its mission.<\/p>\n<\/div>\n\n<div class=\"gb-element-d153dc94\">\n<h2 class=\"gb-text gb-text-d26e0657\">AQCAMO&#8217;s mission<\/h2>\n\n\n\n<p>We are committed to improving the lives of cancer patients.<\/p>\n\n\n\n<p>Cancer treatment plans may include drugs that are not paid for by the government or hospital. Our Association is here to help you with financing and repayment programs, to relieve you of as much of the administrative burden as possible.  <\/p>\n\n\n\n<p>We are also committed to increasing training and networking opportunities for our access coordinators.<\/p>\n<\/div>\n\n<div class=\"gb-element-f447b72d\">\n<h2 class=\"gb-text gb-text-77f7dcca\">Objectives<\/h2>\n\n\n\n<blockquote class=\"wp-block-quote is-layout-flow wp-block-quote-is-layout-flow\">\n<p>\ud83e\udd1d <strong>Help patients<\/strong> gain rapid access to care and medication, thanks to financial support and assistance programs.<\/p>\n\n\n\n<p>\ud83d\udcc4 <strong>Reduce administrative delays<\/strong> by helping to complete the paperwork required for insurance and support programs.<\/p>\n\n\n\n<p>\ud83d\udcda <strong>Train access coordinators<\/strong> through professional development opportunities.<\/p>\n\n\n\n<p>\ud83c\udf10 <strong>Encourage collaboration<\/strong> through networking activities between members.<\/p>\n<\/blockquote>\n<\/div>\n\n<div class=\"gb-element-2f0918c5\">\n<h2 class=\"gb-text gb-text-4ba590ef\">Values<\/h2>\n\n\n\n<div class=\"gb-element-632c9c1b\">\n<div>\n<div class=\"gb-element-3e8b47ff valeurs-card\">\n<h3 class=\"wp-block-heading\"><strong>Working together<\/strong><\/h3>\n\n\n\n<p>Together as members, helping each other to succeed. The idea is to pool our efforts and knowledge to support members in their work.<\/p>\n<\/div>\n<\/div>\n\n\n\n<div class=\"gb-element-bcec1198\">\n<div class=\"gb-element-ef1b9013 valeurs-card\">\n<h3 class=\"wp-block-heading\"><strong>Integrity<\/strong><\/h3>\n\n\n\n<p>Doing the job with transparency and honesty, respecting our commitments and principles and promoting clear, responsible communication.<\/p>\n<\/div>\n<\/div>\n\n\n\n<div class=\"gb-element-a0fa03e0\">\n<div class=\"gb-element-e0234bec valeurs-card\">\n<h3 class=\"wp-block-heading\"><strong>Compassion<\/strong><\/h3>\n\n\n\n<p>Compassion and sympathy for patients, listening to them and understanding their needs.<br\/><\/p>\n<\/div>\n<\/div>\n\n\n\n<div>\n<div class=\"gb-element-be78bc2a valeurs-card\">\n<h3 class=\"wp-block-heading\"><strong><strong><strong>The impact<\/strong><\/strong><\/strong><\/h3>\n\n\n\n<p>It will be the effect we leave on our members&#8217; patients and on the oncology team, with the quality of our work.<\/p>\n<\/div>\n<\/div>\n<\/div>\n<\/div>\n\n<section class=\"gb-element-e76a3805\">\n<h2 class=\"gb-text-12202162\"><span class=\"gb-shape\"><svg xmlns=\"http:\/\/www.w3.org\/2000\/svg\" viewbox=\"0 0 36.7 3\"><path d=\"M0 0h36.7v3H0z\"><\/path><\/svg><\/span><span class=\"gb-text\"><strong>Board of Directors<\/strong><\/span><\/h2>\n\n\n\n<div class=\"gb-element-1ab2a1c9\">\n<div class=\"gb-element-611bcb5e member-card\"><div class=\"wp-block-image is-style-default\">\n<figure class=\"aligncenter size-full\"><img loading=\"lazy\" decoding=\"async\" width=\"170\" height=\"200\" src=\"https:\/\/staging.aqcamo.ca\/wp-content\/uploads\/2025\/04\/sandra.png\" alt=\"\" class=\"wp-image-5438\"\/><\/figure>\n<\/div>\n\n\n<h3 class=\"gb-text gb-text-b5ab974f\">Sandra Blain<\/h3>\n\n\n\n<p class=\"gb-text gb-text-cfbd9d52\">Board member<\/p>\n\n\n\n<p class=\"has-text-align-center has-small-font-size\">Oncology drug access coordinator<br\/><br\/> Maisonneuve-Rosemont Hospital<\/p>\n<\/div>\n\n\n\n<div class=\"gb-element-7a8a565e member-card presidente\"><div class=\"wp-block-image is-style-default\">\n<figure class=\"aligncenter size-large\"><img loading=\"lazy\" decoding=\"async\" width=\"1024\" height=\"1024\" src=\"https:\/\/staging.aqcamo.ca\/wp-content\/uploads\/2025\/04\/Sossy-1024x1024.jpg\" alt=\"\" class=\"wp-image-5440\" srcset=\"https:\/\/staging.aqcamo.ca\/wp-content\/uploads\/2025\/04\/Sossy-1024x1024.jpg 1024w, https:\/\/staging.aqcamo.ca\/wp-content\/uploads\/2025\/04\/Sossy-300x300.jpg 300w, https:\/\/staging.aqcamo.ca\/wp-content\/uploads\/2025\/04\/Sossy-150x150.jpg 150w, https:\/\/staging.aqcamo.ca\/wp-content\/uploads\/2025\/04\/Sossy-768x769.jpg 768w, https:\/\/staging.aqcamo.ca\/wp-content\/uploads\/2025\/04\/Sossy.jpg 1533w\" sizes=\"auto, (max-width: 1024px) 100vw, 1024px\" \/><\/figure>\n<\/div>\n\n\n<h3 class=\"gb-text gb-text-7993571e\"><strong>Sossy Meguerdij<\/strong><\/h3>\n\n\n\n<p class=\"gb-text gb-text-b2709cd9\">President<\/p>\n\n\n\n<p class=\"gb-text gb-text-e2d887a4\"><a href=\"mailto:smeguerdij@aqcamo.ca\">smeguerdij@aqcamo.ca<\/a><\/p>\n\n\n\n<p class=\"has-text-align-center has-small-font-size\">Oncology drug access coordinator<br\/><br\/> H\u00f4pital Sacr\u00e9 C\u0153ur de Montr\u00e9al<\/p>\n<\/div>\n\n\n\n<div class=\"gb-element-4634197a member-card\"><div class=\"wp-block-image is-style-default\">\n<figure class=\"aligncenter size-full\"><img loading=\"lazy\" decoding=\"async\" width=\"170\" height=\"200\" src=\"https:\/\/staging.aqcamo.ca\/wp-content\/uploads\/2025\/04\/myriam.png\" alt=\"\" class=\"wp-image-5442\"\/><\/figure>\n<\/div>\n\n\n<h3 class=\"gb-text gb-text-4c94479b\"><strong>Myriam Diaque<\/strong><\/h3>\n\n\n\n<p class=\"gb-text gb-text-eca51650\">Board member<\/p>\n\n\n\n<p class=\"has-text-align-center has-small-font-size\">Oncology drug access coordinator<br\/><br\/> du CHUM<\/p>\n<\/div>\n<\/div>\n<\/section>\n","protected":false},"excerpt":{"rendered":"<p>AQCAMO, at the service of healthcare professionals and patients The Association qu\u00e9b\u00e9coise des coordonnateurs d&#8217;acc\u00e8s aux m\u00e9dicaments en oncologie (AQCAMO) offers its members support, regular updates on relevant data and specialized training in access to medication. With the growing complexity of drug access and coverage, the role of reimbursement coordinators is more essential than ever, &#8230; <a title=\"About us\" class=\"read-more\" href=\"https:\/\/staging.aqcamo.ca\/en\/about-us\/\" aria-label=\"Read more about About us\">Read more<\/a><\/p>\n","protected":false},"author":1,"featured_media":0,"parent":0,"menu_order":0,"comment_status":"closed","ping_status":"closed","template":"","meta":{"_acf_changed":false,"inline_featured_image":false,"_monsterinsights_skip_tracking":false,"_monsterinsights_sitenote_active":false,"_monsterinsights_sitenote_note":"","_monsterinsights_sitenote_category":0,"footnotes":""},"dashboard_access":[],"class_list":["post-6907","page","type-page","status-publish"],"acf":[],"_links":{"self":[{"href":"https:\/\/staging.aqcamo.ca\/en\/wp-json\/wp\/v2\/pages\/6907","targetHints":{"allow":["GET"]}}],"collection":[{"href":"https:\/\/staging.aqcamo.ca\/en\/wp-json\/wp\/v2\/pages"}],"about":[{"href":"https:\/\/staging.aqcamo.ca\/en\/wp-json\/wp\/v2\/types\/page"}],"author":[{"embeddable":true,"href":"https:\/\/staging.aqcamo.ca\/en\/wp-json\/wp\/v2\/users\/1"}],"replies":[{"embeddable":true,"href":"https:\/\/staging.aqcamo.ca\/en\/wp-json\/wp\/v2\/comments?post=6907"}],"version-history":[{"count":0,"href":"https:\/\/staging.aqcamo.ca\/en\/wp-json\/wp\/v2\/pages\/6907\/revisions"}],"wp:attachment":[{"href":"https:\/\/staging.aqcamo.ca\/en\/wp-json\/wp\/v2\/media?parent=6907"}],"wp:term":[{"taxonomy":"dashboard_access","embeddable":true,"href":"https:\/\/staging.aqcamo.ca\/en\/wp-json\/wp\/v2\/dashboard_access?post=6907"}],"curies":[{"name":"wp","href":"https:\/\/api.w.org\/{rel}","templated":true}]}}