{"id":6905,"date":"2020-10-26T20:05:24","date_gmt":"2020-10-27T00:05:24","guid":{"rendered":"https:\/\/staging.aqcamo.ca\/aqcamo\/"},"modified":"2026-04-01T21:59:44","modified_gmt":"2026-04-02T01:59:44","slug":"aqcamo","status":"publish","type":"page","link":"https:\/\/staging.aqcamo.ca\/en\/","title":{"rendered":"AQCAMO"},"content":{"rendered":"\n<section class=\"gb-element-2feabc7f\">\n<div class=\"gb-element-4301097d\">\n<div class=\"gb-element-21ce039a hero-overlay\">\n<h1 class=\"gb-text-38c23b2f\"><span class=\"gb-shape\"><svg xmlns=\"http:\/\/www.w3.org\/2000\/svg\" viewBox=\"0 0 36.7 3\"><path fill=\"CurrentColor\" d=\"M0 0h36.7v3H0z\"><\/path><\/svg><\/span><span class=\"gb-text\">Improving patients&#8217; lives<\/span><\/h1>\n\n\n\n<p>AQCAMO is committed to improving the lives of cancer patients by providing support and assistance in accessing oncology medications.<\/p>\n\n\n<div class=\"gb-container gb-container-500acf62\">\n\n<a class=\"gb-text gb-text-b380be5f\" href=\"#video\">Read more<\/a>\n\n<\/div><\/div>\n<\/div>\n<\/section>\n\n\n\n<div class=\"gb-element-9fd16fea\">\n<div class=\"gb-element-854eafec\">\n<h2 class=\"wp-block-heading\">ACCESS to government resources<\/h2>\n\n\n\n<p class=\"has-text-color has-link-color wp-elements-1bbff4c6447e11ce61c8a2a21d67437d\" style=\"color:#555555\">Explore public programs and supports available to patients.<br><\/p>\n\n\n\n<div class=\"wp-block-buttons is-layout-flex wp-block-buttons-is-layout-flex\">\n<div class=\"wp-block-button\"><a class=\"wp-block-button__link wp-element-button\" href=\"https:\/\/staging.aqcamo.ca\/en\/useful-links\/\">Read more \u2192<\/a><\/div>\n<\/div>\n<\/div>\n\n\n\n<div class=\"gb-element-1abedfee\">\n<h2 class=\"wp-block-heading\">SUPPORT for cancer patients<\/h2>\n\n\n\n<p class=\"has-text-color has-link-color wp-elements-b24db6f4159e25b20725f17bc4fa29db\" style=\"color:#f7f7f7\">Support services to reduce emotional burden.<\/p>\n\n\n\n<div class=\"wp-block-buttons is-layout-flex wp-block-buttons-is-layout-flex\">\n<div class=\"wp-block-button\"><a class=\"wp-block-button__link has-accent-4-color has-base-2-background-color has-text-color has-background has-link-color wp-element-button\" href=\"https:\/\/staging.aqcamo.ca\/en\/support\/\">Discover \u2192<\/a><\/div>\n<\/div>\n<\/div>\n\n\n\n<div class=\"gb-element-c2b56eed\">\n<h2 class=\"wp-block-heading\">Drug reimbursement assistance<\/h2>\n\n\n\n<p>Find resources to facilitate access to non-covered treatments.<br><\/p>\n\n\n\n<div class=\"wp-block-buttons is-layout-flex wp-block-buttons-is-layout-flex\">\n<div class=\"wp-block-button\"><a class=\"wp-block-button__link wp-element-button\" href=\"https:\/\/staging.aqcamo.ca\/en\/refund\/\">See options \u2192<\/a><\/div>\n<\/div>\n<\/div>\n<\/div>\n\n\n\n<div><\/div>\n\n\n\n<section class=\"gb-element-cf045a0d\" id=\"video\">\n<div class=\"gb-element-b38f65b6\">\n<p class=\"gb-headline gb-headline-eb099c8d\"><span class=\"gb-icon\"><svg xmlns=\"http:\/\/www.w3.org\/2000\/svg\" viewBox=\"0 0 36.7 3\"><path d=\"M0 0h36.7v3H0z\"><\/path><\/svg><\/span><span class=\"gb-headline-text\">&nbsp;oncology drug access coordinators<\/span><\/p>\n\n\n\n<p>The Association qu\u00e9b\u00e9coise des coordonnateurs d&#8217;acc\u00e8s aux m\u00e9dicaments en oncologie (AQCAMO) provides its members with support, data updates and training in access to medications in oncology.<\/p>\n\n\n\n<p>Drug access and coverage are becoming increasingly complex, and drug reimbursement coordinators are in high demand in Quebec, both among physicians and patients.  <\/p>\n\n\n\n<p class=\"gb-text\"><strong>\ud83d\udcf0 In the Media<\/strong><br><strong>Navigating Toward More Equitable Drug Access<\/strong><br>This article underscores the essential role of Drug Access Navigators in securing timely access to innovative oncology treatments in Qu\u00e9bec, and the importance of AQCAMO\u2019s support.<br><strong><a href=\"https:\/\/www.20sense.ca\/articles\/34-04\">Read the full article<\/a><\/strong><\/p>\n<\/div>\n\n\n\n<div class=\"gb-element-70752341\">\n<figure class=\"wp-block-video aligncenter video-border-custom\"><video height=\"1080\" style=\"aspect-ratio: 1920 \/ 1080;\" width=\"1920\" controls poster=\"https:\/\/staging.aqcamo.ca\/wp-content\/uploads\/2025\/05\/aqcamo-video.webp\" src=\"https:\/\/staging.aqcamo.ca\/wp-content\/uploads\/2025\/05\/AQCAMO-HD_V1.mp4\"><\/video><\/figure>\n<\/div>\n<\/section>\n\n\n\n<div class=\"partenaire-section\">\n<h2 class=\"wp-block-heading section-titre\">Prestige Partners<\/h2>\n\n\n\n<div class=\"gb-element-92bb19b3 logo-grid grid-2-cols  prestige-grid\">\n<div class=\"logo-card fade-in-on-scroll\">\n<figure class=\"wp-block-image size-full logo-img\"><a href=\"https:\/\/www.apotex.com\/ca\/fr\/\"><img loading=\"lazy\" decoding=\"async\" width=\"440\" height=\"250\" src=\"https:\/\/staging.aqcamo.ca\/wp-content\/uploads\/2025\/04\/apotex-logo-final.png\" alt=\"\" class=\"wp-image-4937\" srcset=\"https:\/\/staging.aqcamo.ca\/wp-content\/uploads\/2025\/04\/apotex-logo-final.png 440w, https:\/\/staging.aqcamo.ca\/wp-content\/uploads\/2025\/04\/apotex-logo-final-300x170.png 300w\" sizes=\"auto, (max-width: 440px) 100vw, 440px\" \/><\/a><\/figure>\n<\/div>\n\n\n\n<div class=\"logo-card fade-in-on-scroll\">\n<figure class=\"wp-block-image size-full logo-img\"><a href=\"https:\/\/www.pfizer.ca\/fr\/\"><img loading=\"lazy\" decoding=\"async\" width=\"440\" height=\"250\" src=\"https:\/\/staging.aqcamo.ca\/wp-content\/uploads\/2025\/04\/pfizer-logo.png\" alt=\"Pfizer\" class=\"wp-image-4938\" srcset=\"https:\/\/staging.aqcamo.ca\/wp-content\/uploads\/2025\/04\/pfizer-logo.png 440w, https:\/\/staging.aqcamo.ca\/wp-content\/uploads\/2025\/04\/pfizer-logo-300x170.png 300w\" sizes=\"auto, (max-width: 440px) 100vw, 440px\" \/><\/a><\/figure>\n<\/div>\n\n\n\n<div class=\"logo-card fade-in-on-scroll\">\n<figure class=\"wp-block-image size-full logo-img\"><a href=\"https:\/\/innovativemedicine.jnj.com\/canada\/\"><img loading=\"lazy\" decoding=\"async\" width=\"440\" height=\"250\" src=\"https:\/\/staging.aqcamo.ca\/wp-content\/uploads\/2025\/05\/janssen-logo.png\" alt=\"\" class=\"wp-image-5563\" srcset=\"https:\/\/staging.aqcamo.ca\/wp-content\/uploads\/2025\/05\/janssen-logo.png 440w, https:\/\/staging.aqcamo.ca\/wp-content\/uploads\/2025\/05\/janssen-logo-300x170.png 300w\" sizes=\"auto, (max-width: 440px) 100vw, 440px\" \/><\/a><\/figure>\n<\/div>\n\n\n\n<div class=\"logo-card fade-in-on-scroll\">\n<figure class=\"wp-block-image size-full logo-img\"><a href=\"https:\/\/emreach.ca\/\"><img loading=\"lazy\" decoding=\"async\" width=\"440\" height=\"250\" src=\"https:\/\/staging.aqcamo.ca\/wp-content\/uploads\/2025\/05\/emreach-logo.png\" alt=\"\" class=\"wp-image-5564\" srcset=\"https:\/\/staging.aqcamo.ca\/wp-content\/uploads\/2025\/05\/emreach-logo.png 440w, https:\/\/staging.aqcamo.ca\/wp-content\/uploads\/2025\/05\/emreach-logo-300x170.png 300w\" sizes=\"auto, (max-width: 440px) 100vw, 440px\" \/><\/a><\/figure>\n<\/div>\n\n\n\n<div class=\"logo-card fade-in-on-scroll\">\n<figure class=\"wp-block-image size-full logo-img\"><img loading=\"lazy\" decoding=\"async\" width=\"768\" height=\"499\" src=\"https:\/\/staging.aqcamo.ca\/wp-content\/uploads\/2025\/05\/Sun_Pharma-smaller-2-768x499-1.webp\" alt=\"Sun Pharma\" class=\"wp-image-7034\" srcset=\"https:\/\/staging.aqcamo.ca\/wp-content\/uploads\/2025\/05\/Sun_Pharma-smaller-2-768x499-1.webp 768w, https:\/\/staging.aqcamo.ca\/wp-content\/uploads\/2025\/05\/Sun_Pharma-smaller-2-768x499-1-300x195.webp 300w\" sizes=\"auto, (max-width: 768px) 100vw, 768px\" \/><\/figure>\n<\/div>\n\n\n\n<div class=\"logo-card fade-in-on-scroll\">\n<figure class=\"wp-block-image size-full logo-img\"><a href=\"https:\/\/www.astellas.com\/en\/\"><img loading=\"lazy\" decoding=\"async\" width=\"440\" height=\"250\" src=\"https:\/\/staging.aqcamo.ca\/wp-content\/uploads\/2025\/05\/sandoz-logo.png\" alt=\"\" class=\"wp-image-6652\" srcset=\"https:\/\/staging.aqcamo.ca\/wp-content\/uploads\/2025\/05\/sandoz-logo.png 440w, https:\/\/staging.aqcamo.ca\/wp-content\/uploads\/2025\/05\/sandoz-logo-300x170.png 300w\" sizes=\"auto, (max-width: 440px) 100vw, 440px\" \/><\/a><\/figure>\n<\/div>\n<\/div>\n<\/div>\n\n\n\n<div class=\"gb-element-cd44e36b\">\n<p class=\"has-text-align-center\">Discover all our partners and the collaborations that enable us to offer exceptional service by visiting our dedicated page.  <\/p>\n\n\n\n<div class=\"wp-block-buttons is-content-justification-center is-layout-flex wp-container-core-buttons-is-layout-16018d1d wp-block-buttons-is-layout-flex\">\n<div class=\"wp-block-button\"><a class=\"wp-block-button__link has-text-align-center wp-element-button\" href=\"https:\/\/staging.aqcamo.ca\/en\/partners\/\">Visit our partners<\/a><\/div>\n<\/div>\n<\/div>\n","protected":false},"excerpt":{"rendered":"<p>Improving patients&#8217; lives AQCAMO is committed to improving the lives of cancer patients by providing support and assistance in accessing oncology medications. Read more ACCESS to government resources Explore public programs and supports available to patients. SUPPORT for cancer patients Support services to reduce emotional burden. Drug reimbursement assistance Find resources to facilitate access to &#8230; <a title=\"AQCAMO\" class=\"read-more\" href=\"https:\/\/staging.aqcamo.ca\/en\/\" aria-label=\"Read more about AQCAMO\">Read more<\/a><\/p>\n","protected":false},"author":1,"featured_media":0,"parent":0,"menu_order":0,"comment_status":"closed","ping_status":"closed","template":"","meta":{"_acf_changed":false,"inline_featured_image":false,"_monsterinsights_skip_tracking":false,"_monsterinsights_sitenote_active":false,"_monsterinsights_sitenote_note":"","_monsterinsights_sitenote_category":0,"footnotes":""},"dashboard_access":[],"class_list":["post-6905","page","type-page","status-publish"],"acf":[],"_links":{"self":[{"href":"https:\/\/staging.aqcamo.ca\/en\/wp-json\/wp\/v2\/pages\/6905","targetHints":{"allow":["GET"]}}],"collection":[{"href":"https:\/\/staging.aqcamo.ca\/en\/wp-json\/wp\/v2\/pages"}],"about":[{"href":"https:\/\/staging.aqcamo.ca\/en\/wp-json\/wp\/v2\/types\/page"}],"author":[{"embeddable":true,"href":"https:\/\/staging.aqcamo.ca\/en\/wp-json\/wp\/v2\/users\/1"}],"replies":[{"embeddable":true,"href":"https:\/\/staging.aqcamo.ca\/en\/wp-json\/wp\/v2\/comments?post=6905"}],"version-history":[{"count":0,"href":"https:\/\/staging.aqcamo.ca\/en\/wp-json\/wp\/v2\/pages\/6905\/revisions"}],"wp:attachment":[{"href":"https:\/\/staging.aqcamo.ca\/en\/wp-json\/wp\/v2\/media?parent=6905"}],"wp:term":[{"taxonomy":"dashboard_access","embeddable":true,"href":"https:\/\/staging.aqcamo.ca\/en\/wp-json\/wp\/v2\/dashboard_access?post=6905"}],"curies":[{"name":"wp","href":"https:\/\/api.w.org\/{rel}","templated":true}]}}